{"id":1732,"date":"2023-03-09T22:54:36","date_gmt":"2023-03-09T19:54:36","guid":{"rendered":"https:\/\/school.dogukannergiz.com\/?page_id=1732"},"modified":"2023-03-09T22:54:38","modified_gmt":"2023-03-09T19:54:38","slug":"gizlilik-politikasi","status":"publish","type":"page","link":"https:\/\/school.dogukannergiz.com\/en\/gizlilik-politikasi\/","title":{"rendered":"Gizlilik Politikas\u0131"},"content":{"rendered":"<p><strong>G\u0130ZL\u0130L\u0130K POL\u0130T\u0130KASI<\/strong><\/p>\n\n\n\n<p>Bu metinde b\u00fcy\u00fck harf ile ba\u015flayarak kullan\u0131lan ve burada tan\u0131mlanmam\u0131\u015f b\u00fct\u00fcn kelimeler Kullan\u0131c\u0131 S\u00f6zle\u015fmesi\u2019nde belirtilen anlamlara sahip olacakt\u0131r.<\/p>\n\n\n\n<p>Bu Gizlilik Politikas\u0131 metninin T\u00fcrk\u00e7e d\u0131\u015f\u0131ndaki dilleri kullan\u0131c\u0131lara kolayl\u0131k sa\u011flanmas\u0131 amac\u0131yla yaz\u0131lm\u0131\u015ft\u0131r. Bir uyu\u015fmazl\u0131k halinde T\u00fcrk\u00e7e metnin ge\u00e7erli olaca\u011f\u0131n\u0131 anl\u0131yor ve kabul ediyorsunuz.<\/p>\n\n\n\n<p>Bir Florida \u015firketi olan ve Florida at ZDN Group LLC,7901 4th St. N Suite 10628 St.Petersburg, FL 33702 \/ USA adresinde Alt \u015firket olan ZDN Group LLC verilerinizin korunmas\u0131, gizlili\u011finiz ve bilgileriniz ile ilgili haklar\u0131n\u0131za sayg\u0131 duyar. Ba\u015fka t\u00fcrl\u00fc belirtilmedi\u011fi s\u00fcrece bu Gizlilik Politikas\u0131na ba\u011flant\u0131 verdi\u011fimiz bir yerde E\u011fitimlerimizi kulland\u0131\u011f\u0131n\u0131z zaman bu Gizlilik Politikas\u0131 ge\u00e7erli olur.<\/p>\n\n\n\n<p>BU BELGE TARAFINIZ \u0130LE ZDN Group, LLC. ARASINDA YASAL BA\u011eLAYICILI\u011eI OLAN B\u0130R S\u00d6ZLE\u015eMED\u0130R VE ZDN Group, LLC. E\u011e\u0130T\u0130MLER\u0130N\u0130 KULLANARAK BU G\u0130ZL\u0130L\u0130K POL\u0130T\u0130KASININ H\u00dcK\u00dcMLER\u0130N\u0130 KABUL ETM\u0130\u015e OLURSUNUZ.<\/p>\n\n\n\n<ol class=\"wp-block-list\">\n<li>Bize Do\u011frudan Sa\u011flad\u0131\u011f\u0131n\u0131z Bilgiler ZDN Group, LLC. M\u00fc\u015fterilerinden E\u011fitimleri ne \u015fekilde kulland\u0131klar\u0131na ba\u011fl\u0131 olarak sizden sizin hakk\u0131n\u0131zda \u00e7e\u015fitli bilgiler toplayabilir. Bunlar\u0131n daha iyi anla\u015f\u0131lmas\u0131 ad\u0131na a\u015fa\u011f\u0131daki \u00e7e\u015fitli \u00f6rnekler verilmi\u015ftir:<\/li>\n<\/ol>\n\n\n\n<p>\u0130sim \u2013 Soyisim<\/p>\n\n\n\n<p>Mail Adres,<\/p>\n\n\n\n<p>Lokasyon Verileri<\/p>\n\n\n\n<p>IP Adresiniz<\/p>\n\n\n\n<p>\u00d6deme Bilgileri<\/p>\n\n\n\n<p>1.2. Herkese A\u00e7\u0131k Bilgiler<\/p>\n\n\n\n<p>ZDN Group, LLC. E\u011fitmen\u2019lerin bilgilerini, e\u011fitim m\u00fcfredat\u0131n\u0131 Site i\u00e7erisinde videolar ile Kullan\u0131c\u0131lara sunabilir.<\/p>\n\n\n\n<p>Otomatik Yollar ile Toplad\u0131\u011f\u0131m\u0131z Veriler Teknik ve Kullan\u0131m Verileri<\/p>\n\n\n\n<p>ZDN Group, LLC. E\u011fitimlerine eri\u015fti\u011finiz zaman otomatik yollar ile baz\u0131 bilgiler toplar\u0131z. Bu bilgiler bir s\u0131n\u0131rlama olmaks\u0131z\u0131n \u015funlar\u0131 i\u00e7erebilir:<\/p>\n\n\n\n<p>Bilgisayar\u0131n\u0131z veya Mobil Cihaz\u0131n\u0131z hakk\u0131nda IP adresi, cihaz tipi, i\u015fletim sistemi tipi ve s\u00fcr\u00fcm\u00fc, benzersiz cihaz kimli\u011fi, taray\u0131c\u0131, taray\u0131c\u0131 dili, alan ve di\u011fer sistem bilgileri, platform tipleri (topluca \u201cTeknik Bilgiler\u201d) gibi teknik bilgiler.<\/p>\n\n\n\n<p>Eri\u015filen E\u011fitim, sayfalarda veya E\u011fitimlerde ge\u00e7irilen s\u00fcre, ziyaret edilen sayfalar, arama sorgular\u0131, t\u0131klama verileri, E\u011fitimin kullan\u0131lan b\u00f6l\u00fcmleri, tarih ve saat ve E\u011fitimleri kullan\u0131m\u0131n\u0131z ile ilgili daha ba\u015fka bilgiler (topluca \u201cKullan\u0131m Verileri\u201d) dahil olmak \u00fczere E\u011fitimler ile etkile\u015fiminiz hakk\u0131nda kullan\u0131m istatistikleri.<\/p>\n\n\n\n<p>Size Ait Bilgiler ile ba\u011flant\u0131ya sahip olabilecek olan bu Teknik Bilgiler ve Kullan\u0131m Verileri \u015funlar dahil olmak \u00fczere sunucu g\u00fcnl\u00fck dosyalar\u0131 ve izleme teknolojileri vas\u0131tas\u0131 ile toplan\u0131r: (a) taray\u0131c\u0131n\u0131z\u0131 veya mobil cihaz\u0131n\u0131z\u0131 benzersiz \u015fekilde tan\u0131mlamak veya taray\u0131c\u0131 ayarlar\u0131n\u0131za bilgi depolamak \u00fczere web sitelerinin Sizin bilgisayar\u0131n\u0131za veya Mobil Cihaz\u0131n\u0131za g\u00f6nderdi\u011fi \u00e7erezler ve (b) E\u011fitimleri kullanan ziyaret\u00e7ilerin i\u015flemlerini \u00f6l\u00e7memize olanak veren k\u00fc\u00e7\u00fck nesneler olan web i\u015faret\u00e7ileri.<\/p>\n\n\n\n<p>Co\u011frafi Bilgiler: Taray\u0131c\u0131n\u0131zdan veya Mobil cihaz\u0131n\u0131zdan al\u0131nan IP adresleri, IP adresi ile ili\u015fkili olan \u015fehir, eyalet ve\/veya \u00fclke gibi yakla\u015f\u0131k yerinizi belirlemek i\u00e7in kullan\u0131labilir.<\/p>\n\n\n\n<p>\u00c7erezler ve Veri Toplama Ara\u00e7lar\u0131 Bir\u00e7ok web sitesi ve uygulama tedarik\u00e7isi gibi ZDN Group, LLC. de, (Google Analytics vb. Gibi bizim ad\u0131m\u0131za hareket edenler) E\u011fitimlerimize eri\u015fti\u011finiz ve onlar\u0131 kulland\u0131\u011f\u0131n\u0131z zaman sunucu g\u00fcnl\u00fck dosyalar\u0131n\u0131, ve \u00e7erezler, etiketler, \u0131s\u0131 haritalar\u0131, komutlar, cihaz veya taray\u0131c\u0131 parmak izleri ve web i\u015faret\u00e7ileri (topluca \u201cVeri Toplama Ara\u00e7lar\u0131\u201d) gibi otomatik veri toplama ara\u00e7lar\u0131n\u0131 kullanabilir. Baz\u0131 durumlarda, bu yollar ile toplanan bilgiler ile Sizin verdi\u011finiz ve bu Gizlilik politikas\u0131nda a\u00e7\u0131klanan \u015fekilde bizim toplad\u0131\u011f\u0131m\u0131z di\u011fer bilgiler aras\u0131nda ba\u011flant\u0131 kurar\u0131z. Bu Veri Toplama Ara\u00e7lar\u0131, E\u011fitimleri kulland\u0131\u011f\u0131n\u0131z zaman Sizin taray\u0131c\u0131n\u0131z\u0131n g\u00f6nderdi\u011fi baz\u0131 Teknik Bilgileri ve Kullan\u0131m Verilerini otomatik olarak izler ve toplar. Baz\u0131 durumlarda, bu Teknik Bilgileri ve Kullan\u0131m Verilerini Sizin hakk\u0131n\u0131zdaki di\u011fer bilgiler ile ili\u015fkilendiririz.<\/p>\n\n\n\n<p>\u00c7erezleri \u015funlar dahil olmak \u00fczere \u00e7e\u015fitli nedenlerle kullan\u0131r\u0131z:<\/p>\n\n\n\n<p>(a) E\u011fitimlerimizin kullan\u0131m\u0131n\u0131 analiz etmek.<\/p>\n\n\n\n<p>(b) Daha kolay oturum a\u00e7man\u0131z\u0131 sa\u011flamak.<\/p>\n\n\n\n<p>(c) Size daha sorunsuz bir kullan\u0131m sa\u011flamak.<\/p>\n\n\n\n<p>Ayr\u0131ca \u015fu gibi nedenlerle web i\u015faret\u00e7ileri veya ba\u015fka teknolojiler kullanabiliriz:<\/p>\n\n\n\n<p>(d) Belli bir sayfan\u0131n ziyaret edilip edilmedi\u011fini Bizim bilmemizi sa\u011flama.<\/p>\n\n\n\n<p>Toplad\u0131\u011f\u0131m\u0131z Bilgileri Nas\u0131l Kullan\u0131r\u0131z ZDN Group, LLC. kullan\u0131m\u0131n\u0131z vas\u0131tas\u0131 ile toplad\u0131\u011f\u0131 bilgileri \u015funlar i\u00e7in kullanabilir:<\/p>\n\n\n\n<p>Florida yasalar\u0131n\u0131n gerektirdi\u011fi veya izin verdi\u011fi \u015fekilde;<\/p>\n\n\n\n<p>E\u011fitimleri anlamak ve iyile\u015ftirmek ve yeni \u00fcr\u00fcnler, E\u011fitimler ve \u00f6zellikler geli\u015ftirmek;<\/p>\n\n\n\n<p>M\u00fc\u015fteri destek sorular\u0131na ve sorunlar\u0131na yan\u0131t vermek ve anla\u015fmazl\u0131klar\u0131 \u00e7\u00f6z\u00fcmlemek;<\/p>\n\n\n\n<p>Teknik bilgiler olu\u015fturmak, incelemek, analiz etmek ve sa\u011flamak;<\/p>\n\n\n\n<p>E\u011filimleri ve kullan\u0131c\u0131 trafi\u011fini analiz etmek ve kullan\u0131m bilgilerini izlemek;<\/p>\n\n\n\n<p>\u00dc\u00e7\u00fcnc\u00fc taraf web sitelerinde veya mobil uygulamalarda E\u011fitimlerimizin reklam\u0131n\u0131 yapmak<\/p>\n\n\n\n<p>Kullan\u0131c\u0131lar\u0131m\u0131z\u0131n, \u00e7al\u0131\u015fanlar\u0131m\u0131z\u0131n, \u00fc\u00e7\u00fcnc\u00fc taraflar\u0131n, toplumun bireylerinin ve\/veya E\u011fitimlerimizin g\u00fcvenli\u011fini ve\/veya d\u00fcr\u00fcstl\u00fc\u011f\u00fcn\u00fc korumak i\u00e7in yaln\u0131z kendi takdirimize g\u00f6re gerekli veya zorunlu oldu\u011funu ba\u015fka bir yol ile belirledi\u011fimiz \u015fekilde;<\/p>\n\n\n\n<p>Kullan\u0131c\u0131lardan geri bildirim talep etmek.<\/p>\n\n\n\n<p>Size Ait Bilgileri \u00dc\u00e7\u00fcnc\u00fc Taraflara Ne Zaman ve Nas\u0131l Veririz\/A\u00e7\u0131klayabiliriz E\u011fitmen\u2019in bilgileri E\u011fitim\u2019leri pazarlamak amac\u0131 ile site i\u00e7erisinde verilebilir. Bu bilgiler Site i\u00e7erisinde video, k\u00fcnye, yaz\u0131 \u015feklinde a\u00e7\u0131klanabilir.<\/p>\n\n\n\n<p>Bilgilerinizi Nas\u0131l G\u00fcvende Tutar\u0131z? ZDN Group, LLC. Sizin payla\u015ft\u0131\u011f\u0131n\u0131z ve Bizim toplay\u0131p saklad\u0131\u011f\u0131m\u0131z verileri yetkisiz \u015fekilde eri\u015fime veya yetkisiz olarak de\u011fi\u015ftirilmeye, a\u00e7\u0131klanmaya veya imha edilmeye kar\u015f\u0131 korumak i\u00e7in gerekli makul g\u00fcvenlik \u00f6nlemlerini almaktad\u0131r. Bu \u00f6nlemler toplad\u0131\u011f\u0131m\u0131z ve saklad\u0131\u011f\u0131m\u0131z verilerin hassasiyetine g\u00f6re de\u011fi\u015fmektedir.<\/p>\n\n\n\n<p>Bilgilerinizin Kullan\u0131m\u0131 Hakk\u0131ndaki Se\u00e7enekleriniz Kulland\u0131\u011f\u0131n\u0131z taray\u0131c\u0131 \u00e7erezleri veya ba\u015fka t\u00fcrlerden yerel veri depolama y\u00f6ntemlerini kontrol alt\u0131nda tutma olana\u011f\u0131 verebilir. Mobil Cihaz\u0131n\u0131z yer bilgilerinin veya daha ba\u015fka verilerin nas\u0131l toplanaca\u011f\u0131 ve payla\u015f\u0131laca\u011f\u0131 veya bunlar\u0131n yap\u0131l\u0131p yap\u0131lmayaca\u011f\u0131 hakk\u0131nda tercihler sa\u011flayabilir. Taray\u0131c\u0131n\u0131z\u0131n veya mobil cihaz i\u015fletim sisteminizin \u00fcreticileri taraf\u0131ndan sa\u011flanan bu tercihler veya varsay\u0131lan ayarlar \u00fczerinde <a href=\"http:\/\/dogukannergiz.com\/\">dogukannergiz.com<\/a> bir kontrole sahip de\u011fildir.<\/p>\n\n\n\n<p>Bilgilerinize Nas\u0131l Ula\u015f\u0131l\u0131r ve G\u00fcncelleme Yap\u0131l\u0131r ZDN Group, LLC.\u2019in toplad\u0131\u011f\u0131 ve saklad\u0131\u011f\u0131 Size ait bilgilere \u015fu yollar ile eri\u015febilir ve g\u00fcncelleme yapabilirsiniz:<\/p>\n\n\n\n<p>Herhangi bir zamanda Hesab\u0131n\u0131za giri\u015f yaparak ve Hesap bilgilerinizi g\u00fcncelleyerek do\u011frudan <a href=\"http:\/\/dogukannergiz.com\/\">dogukannergiz.com<\/a> sa\u011flad\u0131\u011f\u0131n\u0131z bilgileri g\u00fcncelleyebilirsiniz. <a href=\"http:\/\/dogukannergiz.com\/\">dogukannergiz.com<\/a>\u2019\u0131n \u00dc\u00e7\u00fcnc\u00fc Taraf bir Platformdan veya Mobil bir Cihazdan Sizin hakk\u0131n\u0131zda ald\u0131\u011f\u0131 bilgileri y\u00f6netmek i\u00e7in \u00dc\u00e7\u00fcnc\u00fc Taraf Platform veya Mobil Cihaz tedarik\u00e7isi taraf\u0131ndan verilen talimatlar\u0131 izleyerek bilgilerinizi g\u00fcncelleyin ve gizlilik ayarlar\u0131n\u0131z\u0131 de\u011fi\u015ftirin. <a href=\"http:\/\/dogukannergiz.com\/\">dogukannergiz.com<\/a>\u2019nun \u00dc\u00e7\u00fcnc\u00fc Taraf bir Platformdan veya Mobil bir Cihazdan bilgilerinizi ald\u0131ktan sonra bu bilgiler <a href=\"http:\/\/dogukannergiz.com\/\">dogukannergiz.com<\/a> taraf\u0131ndan bu Gizlilik Politikas\u0131na uygun \u015fekilde depolan\u0131r ve kullan\u0131l\u0131r.<\/p>\n\n\n\n<p>Bu Gizlilik Politikas\u0131\u2019nda Yap\u0131lacak De\u011fi\u015fiklikler Bu Gizlilik Politikas\u0131n\u0131 zaman zaman g\u00fcncelleyebiliriz. Bu Gizlilik Politikas\u0131nda maddi bir de\u011fi\u015fiklik yapt\u0131\u011f\u0131m\u0131z zaman Eposta vas\u0131tas\u0131 ile veya web sitemizde duyurulan bildirim yolu ile ve ge\u00e7erli yasan\u0131n gerekli tuttu\u011fu \u015fekilde size bildirimde bulunaca\u011f\u0131z. Ba\u015fka t\u00fcrl\u00fc belirtilmedi\u011fi s\u00fcrece de\u011fi\u015fiklikler yay\u0131nland\u0131klar\u0131 g\u00fcn y\u00fcr\u00fcrl\u00fc\u011fe girecektir.<\/p>\n\n\n\n<p>Ge\u00e7erli yasan\u0131n izin verdi\u011fi \u015fekilde, bir de\u011fi\u015fikli\u011fin ge\u00e7erlilik tarihinden sonra E\u011fitimleri kullanmaya devam etmeniz halinde s\u00f6z konusu eri\u015fim ve\/veya kullan\u0131m, de\u011fi\u015ftirilen hali ile bir s\u00f6zle\u015fmeye uymay\u0131 ve Gizlilik Politikas\u0131 ile ba\u011fl\u0131 olmay\u0131 z\u0131mnen kabul etti\u011finiz \u015feklinde de\u011ferlendirilecektir. De\u011fi\u015ftirilen Gizlilik Politikas\u0131 daha \u00f6nceki t\u00fcm Gizlilik politikalar\u0131n\u0131n yerine ge\u00e7er. Bu nedenle, E\u011fitimleri her kulland\u0131\u011f\u0131n\u0131zda bu Gizlilik Politikas\u0131n\u0131 incelemenizi tavsiye ederiz. Bizim \u0130ste\u011fimiz \u00dczerine, bu Gizlilik Politikas\u0131n\u0131 ve herhangi bir \u00dc\u00e7\u00fcnc\u00fc Taraf Platformu vas\u0131tas\u0131 ile ortaya konan veya temin edilen di\u011fer t\u00fcm politikalar\u0131 veya s\u00f6zle\u015fmeleri kabul edece\u011finiz veya bunlar\u0131n elektronik olmayan bir \u015feklini imzalayaca\u011f\u0131n\u0131z\u0131 onayl\u0131yorsunuz.<\/p>\n\n\n\n<p>Uluslararas\u0131 Operasyonlar: ABD ve AB D\u0131\u015f\u0131ndaki Kullan\u0131c\u0131lar i\u00e7in Bir Not <a href=\"http:\/\/dogukannergiz.com\/\">dogukannergiz.com<\/a>, E\u011fitimlerimizin ziyaret\u00e7ileri ve Kullan\u0131c\u0131lar hakk\u0131nda Birle\u015fik Devletler\u2019de bulunan sunucularda bilgi depolar. E\u011fitimlerimizi kullanmakla, bilgilerinizin Birle\u015fik Devletler i\u00e7inde depolanmas\u0131na onay veriyorsunuz. E\u011fitimleri Birle\u015fik Devletler ve Avrupa Birli\u011fi d\u0131\u015f\u0131ndan kullanman\u0131z halinde g\u00f6nderdi\u011finiz verilerin ve ki\u015fisel bilgilerin Birle\u015fik Devletler veya ba\u015fka \u00fclkeler i\u00e7inde bulunan sunuculara aktar\u0131larak orada depolanaca\u011f\u0131n\u0131 bilmelisiniz. Birle\u015fik Devletler\u2019in ve\/veya ba\u015fka \u00fclkelerin veri koruma ve di\u011fer yasalar\u0131 Sizin \u00fclkenizdekiler kadar geni\u015f kapsaml\u0131 olmayabilir.<\/p>\n\n\n\n<p>Kaliforniya Gizlilik Haklar\u0131n\u0131z Kaliforniya\u2019da ikamet edenler Bizden y\u0131lda bir kez \u015funlar\u0131 alma hakk\u0131na sahiptir:<\/p>\n\n\n\n<p>a) s\u00f6z konusu \u015firketin do\u011frudan pazarlama ama\u00e7lar\u0131 i\u00e7in <a href=\"http:\/\/dogukannergiz.com\/\">dogukannergiz.com<\/a>\u2019nun Size ait ki\u015fisel bilgileri a\u00e7\u0131klam\u0131\u015f olabilece\u011fi (ge\u00e7mi\u015f takvim y\u0131l\u0131 i\u00e7inde) herhangi bir \u00fc\u00e7\u00fcnc\u00fc taraf \u015firketi belirten bilgiler b) a\u00e7\u0131klanm\u0131\u015f olan ki\u015fisel bilgilerin kategorileri hakk\u0131nda bir a\u00e7\u0131klama. Kaliforniya\u2019da ikamet etmeniz ve s\u00f6z konusu bilgileri almak istemeniz durumunda <a href=\"mailto:school@dogukannergiz.com\">school@dogukannergiz.com<\/a> adresinden bize talebinizi iletin; talebinizi iletirken \u201cFlorida Data Privacy Request\u201d ifadesini kullanarak sorunuzu uygun \u015fekilde belirlememize yard\u0131mc\u0131 olun ve yan\u0131t verebilmemiz i\u00e7in posta adresinizi, ikamet etti\u011finiz eyaleti ve e-posta adresinizi belirtin.<\/p>\n\n\n\n<p>\u00c7erez ve ki\u015fisel veri kullan\u0131m\u0131m\u0131z hakk\u0131nda sorular\u0131n\u0131z varsa <a href=\"mailto:school@dogukannergiz.com\">school@dogukannergiz.com<\/a> adresinden bize e-posta g\u00f6nderin.<\/p>","protected":false},"excerpt":{"rendered":"<p>G\u0130ZL\u0130L\u0130K POL\u0130T\u0130KASI Bu metinde b\u00fcy\u00fck harf ile ba\u015flayarak kullan\u0131lan ve burada tan\u0131mlanmam\u0131\u015f b\u00fct\u00fcn kelimeler Kullan\u0131c\u0131 S\u00f6zle\u015fmesi\u2019nde belirtilen anlamlara sahip olacakt\u0131r. Bu Gizlilik Politikas\u0131 metninin T\u00fcrk\u00e7e d\u0131\u015f\u0131ndaki dilleri kullan\u0131c\u0131lara kolayl\u0131k sa\u011flanmas\u0131 amac\u0131yla yaz\u0131lm\u0131\u015ft\u0131r. Bir uyu\u015fmazl\u0131k halinde T\u00fcrk\u00e7e metnin ge\u00e7erli olaca\u011f\u0131n\u0131 anl\u0131yor ve kabul ediyorsunuz. Bir Florida \u015firketi olan ve Florida at ZDN Group LLC,7901 4th St. [&hellip;]<\/p>","protected":false},"author":1,"featured_media":0,"parent":0,"menu_order":0,"comment_status":"closed","ping_status":"closed","template":"","meta":{"_bbp_topic_count":0,"_bbp_reply_count":0,"_bbp_total_topic_count":0,"_bbp_total_reply_count":0,"_bbp_voice_count":0,"_bbp_anonymous_reply_count":0,"_bbp_topic_count_hidden":0,"_bbp_reply_count_hidden":0,"_bbp_forum_subforum_count":0,"pmpro_default_level":0,"footnotes":""},"class_list":["post-1732","page","type-page","status-publish","hentry","pmpro-has-access"],"_links":{"self":[{"href":"https:\/\/school.dogukannergiz.com\/en\/wp-json\/wp\/v2\/pages\/1732","targetHints":{"allow":["GET"]}}],"collection":[{"href":"https:\/\/school.dogukannergiz.com\/en\/wp-json\/wp\/v2\/pages"}],"about":[{"href":"https:\/\/school.dogukannergiz.com\/en\/wp-json\/wp\/v2\/types\/page"}],"author":[{"embeddable":true,"href":"https:\/\/school.dogukannergiz.com\/en\/wp-json\/wp\/v2\/users\/1"}],"replies":[{"embeddable":true,"href":"https:\/\/school.dogukannergiz.com\/en\/wp-json\/wp\/v2\/comments?post=1732"}],"version-history":[{"count":1,"href":"https:\/\/school.dogukannergiz.com\/en\/wp-json\/wp\/v2\/pages\/1732\/revisions"}],"predecessor-version":[{"id":1733,"href":"https:\/\/school.dogukannergiz.com\/en\/wp-json\/wp\/v2\/pages\/1732\/revisions\/1733"}],"wp:attachment":[{"href":"https:\/\/school.dogukannergiz.com\/en\/wp-json\/wp\/v2\/media?parent=1732"}],"curies":[{"name":"wp","href":"https:\/\/api.w.org\/{rel}","templated":true}]}}