{"id":1739,"date":"2023-03-09T23:00:16","date_gmt":"2023-03-09T20:00:16","guid":{"rendered":"https:\/\/school.dogukannergiz.com\/?page_id=1739"},"modified":"2023-03-09T23:00:20","modified_gmt":"2023-03-09T20:00:20","slug":"mesafeli-satis-sozlesmesi-2","status":"publish","type":"page","link":"https:\/\/school.dogukannergiz.com\/en\/mesafeli-satis-sozlesmesi-2\/","title":{"rendered":"Mesafeli Sat\u0131\u015f S\u00f6zle\u015fmesi"},"content":{"rendered":"<h3 class=\"wp-block-heading\"><strong>MESAFEL\u0130 SATI\u015e S\u00d6ZLE\u015eMES\u0130<\/strong><\/h3>\n\n\n\n<p><strong>G\u0130R\u0130\u015e<\/strong><\/p>\n\n\n\n<p>\u015eirketimiz ZDN Group LLC (\u201c\u015eirket\u201d, \u201cbiz\u201d veya \u201cbizim\u201d olarak an\u0131lacakt\u0131r), sizlere&nbsp;<a href=\"http:\/\/dogukannergiz.com\">dogukannergiz.com<\/a>&nbsp;adresinde bulunan <a href=\"http:\/\/school.dogukannergiz.com\/en\/\">school.dogukannergiz.com<\/a> Web Sitesini sunmaktay\u0131z. (\u201cWeb Sitesi\u201d, \u2018\u2019Site\u2019\u2019), Burada yer alan veya at\u0131fta bulunulan t\u00fcm s\u00f6zle\u015fme maddeleri, ko\u015fullar ve bildirimlere <a href=\"http:\/\/school.dogukannergiz.com\/en\/\">school.dogukannergiz.com<\/a> Kullan\u0131m \u015eart\u0131 (\u201cKullan\u0131m \u015eart\u0131\u201d) uyar\u0131nca uyman\u0131z gerekmektedir. E\u011fitim <a href=\"http:\/\/school.dogukannergiz.com\/en\/\">school.dogukannergiz.com<\/a> web sitesi \u00fczerinden Vimeo isimli online video oynat\u0131c\u0131s\u0131 platformu arac\u0131l\u0131\u011f\u0131 ile sa\u011flan\u0131r.<\/p>\n\n\n\n<p><strong>1.TARAFLAR<\/strong><\/p>\n\n\n\n<p>\u0130\u015fbu S\u00f6zle\u015fme a\u015fa\u011f\u0131daki taraflar aras\u0131nda a\u015fa\u011f\u0131da belirtilen h\u00fck\u00fcm ve \u015fartlar \u00e7er\u00e7evesinde imzalanm\u0131\u015ft\u0131r.<\/p>\n\n\n\n<ol class=\"wp-block-list\">\n<li>\u2018ALICI\u2019; (s\u00f6zle\u015fmede bundan sonra \u201cALICI\u201d olarak an\u0131lacakt\u0131r)<\/li>\n<\/ol>\n\n\n\n<p>AD- SOYAD:<\/p>\n\n\n\n<p>ADRES:<\/p>\n\n\n\n<ol class=\"wp-block-list\">\n<li>\u2018SATICI\u2019; (s\u00f6zle\u015fmede bundan sonra \u201cSATICI\u201d olarak an\u0131lacakt\u0131r)<\/li>\n<\/ol>\n\n\n\n<p>AD- SOYAD:<\/p>\n\n\n\n<p>ADRES:<\/p>\n\n\n\n<p>\u0130\u015f bu s\u00f6zle\u015fmeyi kabul etmekle ALICI, s\u00f6zle\u015fme konusu sipari\u015fi onaylad\u0131\u011f\u0131 takdirde sipari\u015f konusu bedeli ve varsa kargo \u00fccreti, vergi gibi belirtilen ek \u00fccretleri \u00f6deme y\u00fck\u00fcml\u00fcl\u00fc\u011f\u00fc alt\u0131na girece\u011fini ve bu konuda bilgilendirildi\u011fini pe\u015finen kabul eder.<\/p>\n\n\n\n<p><strong>2.TANIMLAR<\/strong><\/p>\n\n\n\n<p>\u0130\u015fbu s\u00f6zle\u015fmenin uygulanmas\u0131nda ve yorumlanmas\u0131nda a\u015fa\u011f\u0131da yaz\u0131l\u0131 terimler kar\u015f\u0131lar\u0131ndaki yaz\u0131l\u0131 a\u00e7\u0131klamalar\u0131 ifade edeceklerdir.<\/p>\n\n\n\n<p>BAKAN: G\u00fcmr\u00fck ve Ticaret Bakan\u0131\u2019n\u0131,<\/p>\n\n\n\n<p>BAKANLIK: G\u00fcmr\u00fck ve Ticaret Bakanl\u0131\u011f\u0131\u2019n\u0131,<\/p>\n\n\n\n<p>KANUN: 6502 say\u0131l\u0131 T\u00fcketicinin Korunmas\u0131 Hakk\u0131nda Kanun\u2019u,<\/p>\n\n\n\n<p>Y\u00d6NETMEL\u0130K: Mesafeli S\u00f6zle\u015fmeler Y\u00f6netmeli\u011fi\u2019ni (RG:27.11.2014\/29188)<\/p>\n\n\n\n<p>H\u0130ZMET: Bir \u00fccret veya menfaat kar\u015f\u0131l\u0131\u011f\u0131nda yap\u0131lan ya da yap\u0131lmas\u0131 taahh\u00fct edilen mal sa\u011flama d\u0131\u015f\u0131ndaki her t\u00fcrl\u00fc t\u00fcketici i\u015fleminin konusunu,<\/p>\n\n\n\n<p>SATICI: Ticari veya mesleki faaliyetleri kapsam\u0131nda t\u00fcketiciye mal sunan veya mal sunan ad\u0131na veya hesab\u0131na hareket eden \u015firketi,<\/p>\n\n\n\n<p>ALICI: Bir mal veya hizmeti ticari veya mesleki olmayan ama\u00e7larla edinen, kullanan veya yararlanan ger\u00e7ek ya da t\u00fczel ki\u015fiyi,<\/p>\n\n\n\n<p>S\u0130TE: SATICI \u2019ya ait internet sitesini,<\/p>\n\n\n\n<p>S\u0130PAR\u0130\u015e VEREN: Bir mal veya hizmeti SATICI \u2018ya ait internet sitesi \u00fczerinden talep eden ger\u00e7ek ya da t\u00fczel ki\u015fiyi,<\/p>\n\n\n\n<p>TARAFLAR: SATICI ve Al\u0131c\u0131\u2019y\u0131,<\/p>\n\n\n\n<p>S\u00d6ZLE\u015eME: SATICI ve ALICI aras\u0131nda akdedilen i\u015fbu s\u00f6zle\u015fmeyi,<\/p>\n\n\n\n<p>MAL: Al\u0131\u015fveri\u015fe konu olan ta\u015f\u0131n\u0131r e\u015fyay\u0131 ve elektronik ortamda kullan\u0131lmak \u00fczere haz\u0131rlanan yaz\u0131l\u0131m, ses, g\u00f6r\u00fcnt\u00fc ve benzeri gayri maddi mallar\u0131 ifade eder.<\/p>\n\n\n\n<p><strong>3.KONU<\/strong><\/p>\n\n\n\n<p>\u0130\u015fbu S\u00f6zle\u015fme, ALICI\u2019n\u0131n, SATICI \u2018ya ait internet sitesi \u00fczerinden elektronik ortamda sipari\u015fini verdi\u011fi a\u015fa\u011f\u0131da nitelikleri ve sat\u0131\u015f fiyat\u0131 belirtilen \u00fcr\u00fcn\u00fcn sat\u0131\u015f\u0131, kullan\u0131lmas\u0131 ve teslimi ile ilgili olarak 6502 say\u0131l\u0131 T\u00fcketicinin Korunmas\u0131 Hakk\u0131nda Kanun ve Mesafeli S\u00f6zle\u015fmelere Dair Y\u00f6netmelik h\u00fck\u00fcmleri gere\u011fince taraflar\u0131n hak ve y\u00fck\u00fcml\u00fcl\u00fcklerini d\u00fczenler.<\/p>\n\n\n\n<p>Listelenen ve sitede ilan edilen fiyatlar sat\u0131\u015f fiyat\u0131d\u0131r. \u0130lan edilen fiyatlar ve vaatler g\u00fcncelleme yap\u0131lana ve de\u011fi\u015ftirilene kadar ge\u00e7erlidir. S\u00fcreli olarak ilan edilen fiyatlar ise belirtilen s\u00fcre sonuna kadar ge\u00e7erlidir.<\/p>\n\n\n\n<p><strong>4. SATICI B\u0130LG\u0130LER\u0130<\/strong><\/p>\n\n\n\n<p>\u00dcnvan\u0131<\/p>\n\n\n\n<p>Adres<\/p>\n\n\n\n<p>Telefon<\/p>\n\n\n\n<p>Faks<\/p>\n\n\n\n<p>Eposta<\/p>\n\n\n\n<p><strong>5. ALICI B\u0130LG\u0130LER\u0130<\/strong><\/p>\n\n\n\n<p>Teslim edilecek ki\u015fi<\/p>\n\n\n\n<p>Teslimat Adresi<\/p>\n\n\n\n<p>Telefon<\/p>\n\n\n\n<p>Faks<\/p>\n\n\n\n<p>Eposta\/kullan\u0131c\u0131 ad\u0131<\/p>\n\n\n\n<p><strong>6. S\u0130PAR\u0130\u015e VEREN K\u0130\u015e\u0130 B\u0130LG\u0130LER\u0130<\/strong><\/p>\n\n\n\n<p>Ad\/Soyad\/Unvan<\/p>\n\n\n\n<p>Adres<\/p>\n\n\n\n<p>Telefon<\/p>\n\n\n\n<p>Faks<\/p>\n\n\n\n<p>Eposta\/kullan\u0131c\u0131 ad\u0131<\/p>\n\n\n\n<p><strong>7. S\u00d6ZLE\u015eME KONUSU \u00dcR\u00dcN\/\u00dcR\u00dcNLER B\u0130LG\u0130LER\u0130<\/strong><\/p>\n\n\n\n<p><strong>1.<\/strong>&nbsp;Mal\u0131n \/\u00dcr\u00fcn\/\u00dcr\u00fcnlerin\/ Hizmetin temel \u00f6zelliklerini (t\u00fcr\u00fc, miktar\u0131, marka\/modeli, rengi, adedi) SATICI\u2019ya ait internet sitesinde yay\u0131nlanmaktad\u0131r. Sat\u0131c\u0131 taraf\u0131ndan kampanya d\u00fczenlenmi\u015f ise ilgili \u00fcr\u00fcn\u00fcn temel \u00f6zelliklerini kampanya s\u00fcresince inceleyebilirsiniz. Kampanya tarihine kadar ge\u00e7erlidir.<\/p>\n\n\n\n<p><strong>7.2.<\/strong>&nbsp;Listelenen ve sitede ilan edilen fiyatlar sat\u0131\u015f fiyat\u0131d\u0131r. \u0130lan edilen fiyatlar ve vaatler g\u00fcncelleme yap\u0131lana ve de\u011fi\u015ftirilene kadar ge\u00e7erlidir. S\u00fcreli olarak ilan edilen fiyatlar ise belirtilen s\u00fcre sonuna kadar ge\u00e7erlidir.<\/p>\n\n\n\n<p><strong>8. FATURA B\u0130LG\u0130LER\u0130<\/strong><\/p>\n\n\n\n<p>Ad\/Soyad\/Unvan<\/p>\n\n\n\n<p>Adres<\/p>\n\n\n\n<p>Telefon<\/p>\n\n\n\n<p>Faks<\/p>\n\n\n\n<p>Eposta\/kullan\u0131c\u0131 ad\u0131<\/p>\n\n\n\n<p>Fatura teslim :Fatura sipari\u015f teslimat\u0131 s\u0131ras\u0131nda fatura adresine sipari\u015f ile birlikte<\/p>\n\n\n\n<p>teslim edilecektir.<\/p>\n\n\n\n<p><strong>9. GENEL H\u00dcK\u00dcMLER<\/strong><\/p>\n\n\n\n<p><strong>9.1.<\/strong>&nbsp;ALICI, SATICI\u2019ya ait internet sitesinde s\u00f6zle\u015fme konusu \u00fcr\u00fcn\u00fcn temel nitelikleri, sat\u0131\u015f fiyat\u0131 ve \u00f6deme \u015fekli ile teslimata ili\u015fkin \u00f6n bilgileri okuyup, bilgi sahibi oldu\u011funu, elektronik ortamda gerekli teyidi verdi\u011fini kabul, beyan ve taahh\u00fct eder. ALICI\u2019n\u0131n; \u00d6n Bilgilendirmeyi elektronik ortamda teyit etmesi, mesafeli sat\u0131\u015f s\u00f6zle\u015fmesinin kurulmas\u0131ndan evvel, SATICI taraf\u0131ndan ALICI\u2019 ya verilmesi gereken adresi, sipari\u015fi verilen \u00fcr\u00fcnlere ait temel \u00f6zellikleri, \u00fcr\u00fcnlerin vergiler d\u00e2hil fiyat\u0131n\u0131, \u00f6deme, teslimat istenilen di\u011fer bilgilerin de do\u011fru ve eksiksiz olarak edindi\u011fini kabul, beyan ve taahh\u00fct eder.<\/p>\n\n\n\n<p><strong>9.2.<\/strong>&nbsp;S\u00f6zle\u015fme konusu, internet \u00fczerinden al\u0131nan bir hizmet oldu\u011fundan dolay\u0131 en ge\u00e7 7 g\u00fcn i\u00e7erisinde bu hizmetin eksiksiz olarak al\u0131nmas\u0131 i\u00e7in SATICI gerekli i\u015flemleri yapar. Bu s\u00fcre i\u00e7inde \u00fcr\u00fcn\u00fcn veya hizmetin&nbsp;M\u00fccbir sebepler d\u0131\u015f\u0131nda ALICI\u2019ya teslim edilememesi durumunda ya da hizmetin ALICIYA tan\u0131mlanamamas\u0131 durumunda ALICI\u2019n\u0131n s\u00f6zle\u015fmeyi feshetme hakk\u0131 sakl\u0131d\u0131r.<\/p>\n\n\n\n<p><strong>9.3.<\/strong>&nbsp;SATICI, S\u00f6zle\u015fme konusu i\u015fi do\u011fruluk ve d\u00fcr\u00fcstl\u00fck esaslar\u0131 d\u00e2hilinde ifa etmeyi, hizmet kalitesini koruyup y\u00fckseltmeyi, i\u015fin ifas\u0131 s\u0131ras\u0131nda gerekli dikkat ve \u00f6zeni g\u00f6stermeyi, ihtiyat ve \u00f6ng\u00f6r\u00fc ile hareket etmeyi kabul, beyan ve taahh\u00fct eder.<\/p>\n\n\n\n<p><strong>9.4.<\/strong>&nbsp;SATICI, s\u00f6zle\u015fmeden do\u011fan ifa y\u00fck\u00fcml\u00fcl\u00fc\u011f\u00fcn\u00fcn s\u00fcresi dolmadan ALICI\u2019y\u0131 bilgilendirmek ve a\u00e7\u0131k\u00e7a onay\u0131n\u0131 almak suretiyle e\u015fit kalite ve fiyatta farkl\u0131 bir \u00fcr\u00fcn tedarik edebilir.<\/p>\n\n\n\n<p><strong>9.5.<\/strong>&nbsp;SATICI, sipari\u015f konusu \u00fcr\u00fcn veya hizmetin yerine getirilmesinin imk\u00e2ns\u0131zla\u015fmas\u0131 halinde s\u00f6zle\u015fme konusu y\u00fck\u00fcml\u00fcl\u00fcklerini yerine getiremezse, bu durumu, \u00f6\u011frendi\u011fi tarihten itibaren 3 g\u00fcn i\u00e7inde yaz\u0131l\u0131 olarak t\u00fcketiciye bildirece\u011fini, 14 g\u00fcnl\u00fck s\u00fcre i\u00e7inde toplam bedeli ALICI\u2019ya iade edece\u011fini kabul, beyan ve taahh\u00fct eder.<\/p>\n\n\n\n<p><strong>9.6.<\/strong>&nbsp;SATICININ, ALICI taraf\u0131ndan siteye kay\u0131t formunda belirtilen veya daha sonra kendisi taraf\u0131ndan g\u00fcncellenen adresi, e-posta adresi, sabit ve mobil telefon hatlar\u0131 ve di\u011fer ileti\u015fim bilgileri \u00fczerinden mektup, e-posta, SMS, telefon g\u00f6r\u00fc\u015fmesi ve di\u011fer yollarla ileti\u015fim, pazarlama, bildirim ve di\u011fer ama\u00e7larla ALICI\u2019ya ula\u015fma hakk\u0131 bulunmaktad\u0131r. ALICI, i\u015fbu s\u00f6zle\u015fmeyi kabul etmekle SATICI\u2019n\u0131n kendisine y\u00f6nelik yukar\u0131da belirtilen ileti\u015fim faaliyetlerinde bulunabilece\u011fini kabul ve beyan etmektedir.<\/p>\n\n\n\n<p><strong>9.7.<\/strong>&nbsp;ALICI, SATICI\u2019ya ait internet sitesine \u00fcye olurken verdi\u011fi ki\u015fisel ve di\u011fer sair bilgilerin ger\u00e7e\u011fe uygun oldu\u011funu, SATICI\u2019n\u0131n bu bilgilerin ger\u00e7e\u011fe ayk\u0131r\u0131l\u0131\u011f\u0131 nedeniyle u\u011frayaca\u011f\u0131 t\u00fcm zararlar\u0131, SATICI\u2019n\u0131n ilk bildirimi \u00fczerine derhal, nakden ve defaten tazmin edece\u011fini beyan ve taahh\u00fct eder.<\/p>\n\n\n\n<p><strong>9.7.<\/strong>&nbsp;ALICI, SATICI\u2019ya ait internet sitesini kullan\u0131rken yasal mevzuat h\u00fck\u00fcmlerine riayet etmeyi ve bunlar\u0131 ihlal etmemeyi ba\u015ftan kabul ve taahh\u00fct eder. Aksi takdirde, do\u011facak t\u00fcm hukuki ve cezai y\u00fck\u00fcml\u00fcl\u00fckler tamamen ve m\u00fcnhas\u0131ran ALICI\u2019y\u0131 ba\u011flayacakt\u0131r.<\/p>\n\n\n\n<p><strong>9.8.<\/strong>&nbsp;ALICI, SATICI\u2019ya ait internet sitesini hi\u00e7bir \u015fekilde kamu d\u00fczenini bozucu, genel ahlaka ayk\u0131r\u0131, ba\u015fkalar\u0131n\u0131 rahats\u0131z ve taciz edici \u015fekilde, yasalara ayk\u0131r\u0131 bir ama\u00e7 i\u00e7in, ba\u015fkalar\u0131n\u0131n maddi ve manevi haklar\u0131na tecav\u00fcz edecek \u015fekilde kullanamaz. Ayr\u0131ca, \u00fcye ba\u015fkalar\u0131n\u0131n hizmetleri kullanmas\u0131n\u0131 \u00f6nleyici veya zorla\u015ft\u0131r\u0131c\u0131 faaliyet (spam, virus, truva at\u0131, vb.) i\u015flemlerde bulunamaz.<\/p>\n\n\n\n<p><strong>9.9.<\/strong>&nbsp;\u0130\u015fbu s\u00f6zle\u015fme i\u00e7erisinde say\u0131lan maddelerden bir ya da birka\u00e7\u0131n\u0131 ihlal eden \u00fcye i\u015fbu ihlal nedeniyle cezai ve hukuki olarak \u015fahsen sorumlu olup, SATICI\u2019y\u0131 bu ihlallerin hukuki ve cezai sonu\u00e7lar\u0131ndan ari tutacakt\u0131r. Ayr\u0131ca; i\u015fbu ihlal nedeniyle, olay\u0131n hukuk alan\u0131na intikal ettirilmesi halinde, SATICI\u2019n\u0131n \u00fcyeye kar\u015f\u0131 \u00fcyelik s\u00f6zle\u015fmesine uyulmamas\u0131ndan dolay\u0131 tazminat talebinde bulunma hakk\u0131 sakl\u0131d\u0131r.<\/p>\n\n\n\n<p><strong>9.10.<\/strong>&nbsp;S\u00f6zle\u015fme konusu E\u011fitimler <a href=\"http:\/\/courself.teachable.com\">courself.teachable.com<\/a> web sitesi \u00fczerinden Teachable isimli online e\u011fitim payla\u015fma platformu arac\u0131l\u0131\u011f\u0131 ile sa\u011flan\u0131r. Dolay\u0131s\u0131yla donma, sunucu hatas\u0131 vb. sorunlardan Teachable altyap\u0131s\u0131n\u0131n kullan\u0131lmas\u0131 dolay\u0131s\u0131yla SATICI\u2019n\u0131n bu gibi durumlarda sorumlulu\u011fu bulunmamaktad\u0131r. Bu altyap\u0131dan dolay\u0131 ger\u00e7ekle\u015fen sorunlar 3 i\u015f g\u00fcn\u00fc i\u00e7erisinde \u00e7\u00f6z\u00fclmezse SATICI gerekli \u00e7\u00f6z\u00fcmleri kendisi sa\u011flayacak ve sorumlu olacakt\u0131r.<\/p>\n\n\n\n<p><strong>10. CAYMA HAKKI<\/strong><\/p>\n\n\n\n<p><a href=\"http:\/\/Courself.co\">Courself.co<\/a>\u2019dan alm\u0131\u015f oldu\u011funuz dijital ortamda yay\u0131nlanan ve ger\u00e7ekle\u015ftirilen e\u011fitimi sat\u0131n alm\u0131\u015f bulunmaktas\u0131n\u0131z. Taraf\u0131m\u0131zca; size tan\u0131mlanm\u0131\u015f olan e\u011fitimin iptalini talep etmektesiniz. Ancak tan\u0131mlanan e\u011fitimin iptal edilmesi gerek s\u00f6zle\u015fmeler gerekse ilgili kanun maddeleri uyar\u0131nca iptal edilmesi m\u00fcmk\u00fcn g\u00f6z\u00fckmemektedir. Dijital ortamda yay\u0131mlanan ve taraf\u0131n\u0131z\u0131n sat\u0131n alm\u0131\u015f oldu\u011fu e\u011fitimin kopyalanmas\u0131, da\u011f\u0131t\u0131lmas\u0131, yedeklenmesi veya bir kere kullan\u0131lmakla amac\u0131na ula\u015f\u0131lmas\u0131 gibi \u00e7e\u015fitli nedenlerle ve ba\u015flang\u0131\u00e7ta kabul edilen mesafeli sat\u0131\u015f s\u00f6zle\u015fmesi uyar\u0131nca bu e\u011fitimin iptali gibi durumlarda \u00f6denen \u00fccretin iadesi m\u00fcmk\u00fcn g\u00f6z\u00fckmemektedir. Taraf\u0131n\u0131zca al\u0131nan e\u011fitimin \u00fccreti \u00f6denmi\u015f olup bu e\u011fitim size tan\u0131mlanm\u0131\u015ft\u0131r. Bu durumda e\u011fitimin ve s\u00f6zle\u015fmenin amac\u0131 ger\u00e7ekle\u015fmi\u015f ve bu amaca ula\u015f\u0131lm\u0131\u015f say\u0131lmaktad\u0131r. Dolay\u0131s\u0131yla taraf\u0131n\u0131z\u0131n sat\u0131n alm\u0131\u015f oldu\u011fu e\u011fitimin iptali ve \u00fccret iadesi s\u00f6z konusu de\u011fildir. Mesafeli sat\u0131\u015f h\u00fck\u00fcmleri uyar\u0131nca taraf\u0131n\u0131za bir hizmet sa\u011flanm\u0131\u015f olup bu hizmet de taraf\u0131n\u0131za tan\u0131mlanm\u0131\u015ft\u0131r. Bu a\u015famadan sonra tan\u0131mlanan hizmetin iadesi m\u00fcmk\u00fcn g\u00f6z\u00fckmemektedir. \u00c7\u00fcnk\u00fc bu hizmet bir kere kullan\u0131l\u0131nca amac\u0131na ula\u015fan bir hizmet olup iadesi m\u00fcmk\u00fcn de\u011fildir. *\u00dccretsiz deneme s\u00fcr\u00fcm\u00fcne sahip \u00fcr\u00fcnlerde de iade hakk\u0131 bulunmamaktad\u0131r.<\/p>\n\n\n\n<p><strong>11. CAYMA HAKKI KULLANILAMAYACAK \u00dcR\u00dcNLER<\/strong><\/p>\n\n\n\n<p>ALICI\u2019n\u0131n iste\u011fi veya a\u00e7\u0131k\u00e7a ki\u015fisel ihtiya\u00e7lar\u0131 do\u011frultusunda haz\u0131rlanan ve geri g\u00f6nderilmeye m\u00fcsait olmayan mallar, Abonelik s\u00f6zle\u015fmesi kapsam\u0131nda sa\u011flananlar d\u0131\u015f\u0131nda, gazete ve dergi gibi s\u00fcreli yay\u0131nlara ili\u015fkin mallar, Elektronik ortamda an\u0131nda ifa edilen hizmetler veya t\u00fcketiciye an\u0131nda teslim edilen&nbsp;gayrimaddi&nbsp;mallar ile ses veya g\u00f6r\u00fcnt\u00fc kay\u0131tlar\u0131n\u0131n, kitap, dijital i\u00e7erik, yaz\u0131l\u0131m programlar\u0131n\u0131n, veri kaydedebilme ve veri depolama cihazlar\u0131n\u0131n, bilgisayar sarf malzemelerinin iadesi Y\u00f6netmelik gere\u011fi m\u00fcmk\u00fcn de\u011fildir. Ayr\u0131ca Cayma hakk\u0131 s\u00fcresi sona ermeden \u00f6nce, t\u00fcketicinin onay\u0131 ile ifas\u0131na ba\u015flanan hizmetlere ili\u015fkin cayma hakk\u0131n\u0131n kullan\u0131lmas\u0131 da Y\u00f6netmelik gere\u011fi m\u00fcmk\u00fcn de\u011fildir.<\/p>\n\n\n\n<p>Kitap, kopyalanabilir yaz\u0131l\u0131m ve programlar, videolar, online e\u011fitim ve kurslar, DVD, VCD, CD ve kasetlerin iade edilebilmesi i\u00e7in ambalajlar\u0131n\u0131n a\u00e7\u0131lmam\u0131\u015f, denenmemi\u015f, bozulmam\u0131\u015f ve kullan\u0131lmam\u0131\u015f olmalar\u0131 gerekir.<\/p>\n\n\n\n<p><strong>12. TEMERR\u00dcT HAL\u0130 VE HUKUK\u0130 SONU\u00c7LARI<\/strong><\/p>\n\n\n\n<p>ALICI, \u00f6deme i\u015flemlerini kredi kart\u0131 ile yapt\u0131\u011f\u0131 durumda temerr\u00fcde d\u00fc\u015ft\u00fc\u011f\u00fc takdirde, kart sahibi banka ile aras\u0131ndaki kredi kart\u0131 s\u00f6zle\u015fmesi \u00e7er\u00e7evesinde faiz \u00f6deyece\u011fini ve bankaya kar\u015f\u0131 sorumlu olaca\u011f\u0131n\u0131 kabul, beyan ve taahh\u00fct eder. Bu durumda ilgili banka hukuki yollara ba\u015fvurabilir; do\u011facak masraflar\u0131 ve vek\u00e2let \u00fccretini ALICI\u2019dan talep edebilir ve her ko\u015fulda ALICI\u2019n\u0131n borcundan dolay\u0131 temerr\u00fcde d\u00fc\u015fmesi halinde, ALICI, borcun gecikmeli ifas\u0131ndan dolay\u0131 SATICI\u2019n\u0131n u\u011frad\u0131\u011f\u0131 zarar ve ziyan\u0131n\u0131 \u00f6deyece\u011fini kabul, beyan ve taahh\u00fct eder<\/p>\n\n\n\n<p><strong>13. YETK\u0130L\u0130 MAHKEME<\/strong><\/p>\n\n\n\n<p>\u0130\u015fbu s\u00f6zle\u015fmeden do\u011fan uyu\u015fmazl\u0131klarda \u015fik\u00e2yet ve itirazlar i\u00e7in \u0130stanbul Anadolu Adalet saray\u0131 Mahkeme ve \u0130cra Daireleri yetkilidir.<\/p>\n\n\n\n<p><strong>14. CEZA\u0130 \u015eART<\/strong><\/p>\n\n\n\n<p>S\u00f6z konusu online e\u011fitimlerin, s\u00f6zle\u015fme konusu dijital materyallerin Al\u0131c\u0131 taraf\u0131ndan kopyalanmas\u0131, ba\u015fkaca 3.\u015fah\u0131slara kulland\u0131r\u0131lmas\u0131, sat\u0131lmas\u0131 veya kendisine tan\u0131nan haklar\u0131 devretmesi durumunda ve bu gibi eylemlerin Sat\u0131c\u0131n\u0131n bilgisi dahilinde yap\u0131lmas\u0131 halinde Al\u0131c\u0131, a\u015fa\u011f\u0131da yazan cezai \u015fartlar\u0131 kabul etmi\u015f say\u0131l\u0131r.<\/p>\n\n\n\n<ol class=\"wp-block-list\">\n<li>Yukar\u0131da say\u0131lan eylemler sat\u0131c\u0131n\u0131n bilgisi dahilinde olamadan yap\u0131lm\u0131\u015f ise s\u00f6zle\u015fme konusu edimlerin s\u00f6zle\u015fmede belirtilen tutar\u0131n\u0131n 10 kat\u0131 miktar\u0131nda maddi miktar\u0131 Sat\u0131c\u0131ya \u00f6deyecektir.<\/li>\n\n\n\n<li>Bu gibi dijital materyal ve e\u011fitimlerin kopyalanmas\u0131, da\u011f\u0131t\u0131lmas\u0131, hak sa\u011flanmas\u0131 gibi durumlarda sat\u0131c\u0131n\u0131n u\u011frad\u0131\u011f\u0131 maddi manevi zararlar\u0131 Al\u0131c\u0131 taraf kar\u015f\u0131layacakt\u0131r.<\/li>\n\n\n\n<li>S\u00f6z konusu eylemler haks\u0131z fiil niteli\u011finde olup her t\u00fcrl\u00fc hukuki ve cezai \u015farttan da Al\u0131c\u0131 taraf sorumlu olacakt\u0131r.<\/li>\n<\/ol>\n\n\n\n<p>SATICI:<\/p>\n\n\n\n<p>ALICI:<\/p>\n\n\n\n<p>TAR\u0130H<\/p>","protected":false},"excerpt":{"rendered":"<p>MESAFEL\u0130 SATI\u015e S\u00d6ZLE\u015eMES\u0130 G\u0130R\u0130\u015e \u015eirketimiz ZDN Group LLC (\u201c\u015eirket\u201d, \u201cbiz\u201d veya \u201cbizim\u201d olarak an\u0131lacakt\u0131r), sizlere&nbsp;dogukannergiz.com&nbsp;adresinde bulunan school.dogukannergiz.com Web Sitesini sunmaktay\u0131z. (\u201cWeb Sitesi\u201d, \u2018\u2019Site\u2019\u2019), Burada yer alan veya at\u0131fta bulunulan t\u00fcm s\u00f6zle\u015fme maddeleri, ko\u015fullar ve bildirimlere school.dogukannergiz.com Kullan\u0131m \u015eart\u0131 (\u201cKullan\u0131m \u015eart\u0131\u201d) uyar\u0131nca uyman\u0131z gerekmektedir. E\u011fitim school.dogukannergiz.com web sitesi \u00fczerinden Vimeo isimli online video oynat\u0131c\u0131s\u0131 platformu arac\u0131l\u0131\u011f\u0131 [&hellip;]<\/p>","protected":false},"author":1,"featured_media":0,"parent":0,"menu_order":0,"comment_status":"closed","ping_status":"closed","template":"","meta":{"_bbp_topic_count":0,"_bbp_reply_count":0,"_bbp_total_topic_count":0,"_bbp_total_reply_count":0,"_bbp_voice_count":0,"_bbp_anonymous_reply_count":0,"_bbp_topic_count_hidden":0,"_bbp_reply_count_hidden":0,"_bbp_forum_subforum_count":0,"pmpro_default_level":0,"footnotes":""},"class_list":["post-1739","page","type-page","status-publish","hentry","pmpro-has-access"],"_links":{"self":[{"href":"https:\/\/school.dogukannergiz.com\/en\/wp-json\/wp\/v2\/pages\/1739","targetHints":{"allow":["GET"]}}],"collection":[{"href":"https:\/\/school.dogukannergiz.com\/en\/wp-json\/wp\/v2\/pages"}],"about":[{"href":"https:\/\/school.dogukannergiz.com\/en\/wp-json\/wp\/v2\/types\/page"}],"author":[{"embeddable":true,"href":"https:\/\/school.dogukannergiz.com\/en\/wp-json\/wp\/v2\/users\/1"}],"replies":[{"embeddable":true,"href":"https:\/\/school.dogukannergiz.com\/en\/wp-json\/wp\/v2\/comments?post=1739"}],"version-history":[{"count":1,"href":"https:\/\/school.dogukannergiz.com\/en\/wp-json\/wp\/v2\/pages\/1739\/revisions"}],"predecessor-version":[{"id":1740,"href":"https:\/\/school.dogukannergiz.com\/en\/wp-json\/wp\/v2\/pages\/1739\/revisions\/1740"}],"wp:attachment":[{"href":"https:\/\/school.dogukannergiz.com\/en\/wp-json\/wp\/v2\/media?parent=1739"}],"curies":[{"name":"wp","href":"https:\/\/api.w.org\/{rel}","templated":true}]}}