{"id":2636,"date":"2024-12-18T09:29:38","date_gmt":"2024-12-18T06:29:38","guid":{"rendered":"https:\/\/school.dogukannergiz.com\/?page_id=2636"},"modified":"2024-12-18T16:39:17","modified_gmt":"2024-12-18T13:39:17","slug":"home","status":"publish","type":"page","link":"https:\/\/school.dogukannergiz.com\/en\/home\/","title":{"rendered":"Home"},"content":{"rendered":"<div data-elementor-type=\"wp-page\" data-elementor-id=\"2636\" class=\"elementor elementor-2636\" data-elementor-post-type=\"page\">\n\t\t\t\t\t\t<section class=\"elementor-section elementor-top-section elementor-element elementor-element-2eeaeaac elementor-section-full_width elementor-section-height-min-height elementor-section-items-top elementor-section-height-default\" data-id=\"2eeaeaac\" data-element_type=\"section\" data-settings=\"{&quot;background_background&quot;:&quot;classic&quot;}\">\n\t\t\t\t\t\t<div class=\"elementor-container elementor-column-gap-no\">\n\t\t\t\t\t<div class=\"elementor-column elementor-col-100 elementor-top-column elementor-element elementor-element-79881f5e\" data-id=\"79881f5e\" data-element_type=\"column\">\n\t\t\t<div class=\"elementor-widget-wrap elementor-element-populated\">\n\t\t\t\t\t\t<section class=\"elementor-section elementor-inner-section elementor-element elementor-element-7cb985e8 elementor-section-height-min-height elementor-hidden-tablet elementor-section-boxed elementor-section-height-default\" data-id=\"7cb985e8\" data-element_type=\"section\">\n\t\t\t\t\t\t<div class=\"elementor-container elementor-column-gap-no\">\n\t\t\t\t\t<div class=\"elementor-column elementor-col-25 elementor-inner-column elementor-element elementor-element-4b23a787 elementor-hidden-tablet\" data-id=\"4b23a787\" data-element_type=\"column\">\n\t\t\t<div class=\"elementor-widget-wrap elementor-element-populated\">\n\t\t\t\t\t\t<div class=\"elementor-element elementor-element-14c1738a elementor-widget__width-auto elementor-hidden-tablet elementor-hidden-mobile elementor-hidden-desktop elementor-widget elementor-widget-image\" data-id=\"14c1738a\" data-element_type=\"widget\" data-widget_type=\"image.default\">\n\t\t\t\t<div class=\"elementor-widget-container\">\n\t\t\t\t\t\t\t\t\t\t\t\t\t\t\t<img decoding=\"async\" width=\"46\" height=\"46\" src=\"https:\/\/school.dogukannergiz.com\/wp-content\/uploads\/2022\/12\/logomin50.webp\" class=\"attachment-thumbnail size-thumbnail wp-image-288\" alt=\"\" srcset=\"https:\/\/school.dogukannergiz.com\/wp-content\/uploads\/2022\/12\/logomin50.webp 46w, https:\/\/school.dogukannergiz.com\/wp-content\/uploads\/2022\/12\/logomin50-40x40.webp 40w\" sizes=\"(max-width: 46px) 100vw, 46px\" \/>\t\t\t\t\t\t\t\t\t\t\t\t\t\t\t<\/div>\n\t\t\t\t<\/div>\n\t\t\t\t<div class=\"elementor-element elementor-element-54b11c56 elementor-widget__width-auto elementor-hidden-mobile elementor-hidden-tablet elementor-hidden-desktop elementor-widget elementor-widget-heading\" data-id=\"54b11c56\" data-element_type=\"widget\" data-widget_type=\"heading.default\">\n\t\t\t\t<div class=\"elementor-widget-container\">\n\t\t\t\t\t<h2 class=\"elementor-heading-title elementor-size-default\">eBay Master Class<\/h2>\t\t\t\t<\/div>\n\t\t\t\t<\/div>\n\t\t\t\t<div class=\"elementor-element elementor-element-3da7ddd5 elementor-widget__width-auto elementor-hidden-desktop elementor-hidden-tablet elementor-hidden-mobile elementor-widget elementor-widget-vikinger-menu-mobile\" data-id=\"3da7ddd5\" data-element_type=\"widget\" data-widget_type=\"vikinger-menu-mobile.default\">\n\t\t\t\t<div class=\"elementor-widget-container\">\n\t\t\t\t\t\r\n<!-- VK EL NAVIGATION MOBILE TRIGGER OPEN -->\r\n<div class=\"vk-el-navigation-mobile-trigger-open\">\r\n  <i aria-hidden=\"true\" class=\"fas fa-bars fa-solid\" style=\"color:#fff;font-size:20px;\"><\/i>\r\n<\/div>\r\n<!-- \/VK EL NAVIGATION MOBILE TRIGGER OPEN -->\r\n\r\n<!-- VK EL NAVIGATION MOBILE -->\r\n<nav class=\"vk-el-navigation-mobile vk-el-navigation-mobile-left\" style=\"background-color:#fff;\" data-simplebar>\r\n  <!-- VK EL NAVIGATION MOBILE HEADER -->\r\n  <div class=\"vk-el-navigation-mobile-header\">\r\n      <!-- VK EL NAVIGATION MOBILE LOGO -->\r\n    <img decoding=\"async\" class=\"vk-el-navigation-mobile-logo\" src=\"https:\/\/school.dogukannergiz.com\/wp-content\/uploads\/2022\/12\/vkfooterlogo.png\" alt=\"logo-image\">\r\n    <!-- \/VK EL NAVIGATION MOBILE LOGO -->\r\n  \r\n      <!-- VK EL NAVIGATION MOBILE TITLE -->\r\n    <p class=\"vk-el-navigation-mobile-title\" style=\"color:#3e3f5e;\">vikinger<\/p>\r\n    <!-- \/VK EL NAVIGATION MOBILE TITLE -->\r\n  \r\n    <!-- VK EL NAVIGATION MOBILE TRIGGER CLOSE -->\r\n    <div class=\"vk-el-navigation-mobile-trigger-close\">\r\n          <i aria-hidden=\"true\" class=\"fas fa-times fa-solid\" style=\"color:#3e3f5e;font-size:20px;\"><\/i>\r\n        <\/div>\r\n    <!-- \/VK EL NAVIGATION MOBILE TRIGGER CLOSE -->\r\n  <\/div>\r\n  <!-- \/VK EL NAVIGATION MOBILE HEADER -->\r\n\r\n\r\n<!-- VK EL NAVIGATION MOBILE MENU -->\r\n<ul class=\"vk-el-navigation-mobile-menu\">\r\n<\/ul>\r\n<!-- \/VK EL NAVIGATION MOBILE MENU --><\/nav>\r\n<!-- \/VK EL NAVIGATION MOBILE -->\t\t\t\t<\/div>\n\t\t\t\t<\/div>\n\t\t\t\t\t<\/div>\n\t\t<\/div>\n\t\t\t\t<div class=\"elementor-column elementor-col-50 elementor-inner-column elementor-element elementor-element-500ddbf2 elementor-hidden-tablet elementor-hidden-phone\" data-id=\"500ddbf2\" data-element_type=\"column\">\n\t\t\t<div class=\"elementor-widget-wrap elementor-element-populated\">\n\t\t\t\t\t\t<div class=\"elementor-element elementor-element-38bcff31 elementor-widget__width-auto elementor-widget elementor-widget-vikinger-menu\" data-id=\"38bcff31\" data-element_type=\"widget\" data-widget_type=\"vikinger-menu.default\">\n\t\t\t\t<div class=\"elementor-widget-container\">\n\t\t\t\t\t\r\n<!-- VK EL NAVIGATION -->\r\n<ul class=\"vk-el-navigation\" style=\"\">\r\n  <!-- VK EL NAVIGATION ITEM -->\r\n  <li class=\"vk-el-navigation-item\">\r\n    <!-- VK EL NAVIGATION ITEM LINK -->\r\n    <a class=\"vk-el-navigation-item-link\" href=\"https:\/\/school.dogukannergiz.com\/en\/\"  style=\"color:#FFFFFF;\">\r\n    Ana Sayfa    <\/a>\r\n    <!-- \/VK EL NAVIGATION ITEM LINK -->\r\n\r\n    <\/li>\r\n  <!-- \/VK EL NAVIGATION ITEM -->\r\n  <!-- VK EL NAVIGATION ITEM -->\r\n  <li class=\"vk-el-navigation-item\">\r\n    <!-- VK EL NAVIGATION ITEM LINK -->\r\n    <a class=\"vk-el-navigation-item-link\" href=\"https:\/\/school.dogukannergiz.com\/en\/courses\/\"  style=\"color:#FFFFFF;\">\r\n    E\u011fitimler    <\/a>\r\n    <!-- \/VK EL NAVIGATION ITEM LINK -->\r\n\r\n    <\/li>\r\n  <!-- \/VK EL NAVIGATION ITEM -->\r\n  <!-- VK EL NAVIGATION ITEM -->\r\n  <li class=\"vk-el-navigation-item\">\r\n    <!-- VK EL NAVIGATION ITEM LINK -->\r\n    <a class=\"vk-el-navigation-item-link\" href=\"https:\/\/school.dogukannergiz.com\/en\/shop\/\"  style=\"color:#FFFFFF;\">\r\n    Ma\u011faza    <\/a>\r\n    <!-- \/VK EL NAVIGATION ITEM LINK -->\r\n\r\n    <\/li>\r\n  <!-- \/VK EL NAVIGATION ITEM -->\r\n<\/ul>\r\n<!-- \/VK EL NAVIGATION -->\t\t\t\t<\/div>\n\t\t\t\t<\/div>\n\t\t\t\t\t<\/div>\n\t\t<\/div>\n\t\t\t\t<div class=\"elementor-column elementor-col-25 elementor-inner-column elementor-element elementor-element-78a71910\" data-id=\"78a71910\" data-element_type=\"column\">\n\t\t\t<div class=\"elementor-widget-wrap elementor-element-populated\">\n\t\t\t\t\t\t<div class=\"elementor-element elementor-element-d0d05ef elementor-align-right elementor-hidden-tablet elementor-hidden-desktop elementor-hidden-mobile elementor-widget elementor-widget-button\" data-id=\"d0d05ef\" data-element_type=\"widget\" data-widget_type=\"button.default\">\n\t\t\t\t<div class=\"elementor-widget-container\">\n\t\t\t\t\t\t\t\t\t<div class=\"elementor-button-wrapper\">\n\t\t\t\t\t<a class=\"elementor-button elementor-button-link elementor-size-sm\" href=\"https:\/\/school.dogukannergiz.com\/en\/activity\/\" target=\"_blank\">\n\t\t\t\t\t\t<span class=\"elementor-button-content-wrapper\">\n\t\t\t\t\t\t\t\t\t<span class=\"elementor-button-text\">Giri\u015f Yap!<\/span>\n\t\t\t\t\t<\/span>\n\t\t\t\t\t<\/a>\n\t\t\t\t<\/div>\n\t\t\t\t\t\t\t\t<\/div>\n\t\t\t\t<\/div>\n\t\t\t\t\t<\/div>\n\t\t<\/div>\n\t\t\t\t\t<\/div>\n\t\t<\/section>\n\t\t\t\t<section class=\"elementor-section elementor-inner-section elementor-element elementor-element-327c63d9 elementor-section-boxed elementor-section-height-default elementor-section-height-default\" data-id=\"327c63d9\" data-element_type=\"section\">\n\t\t\t\t\t\t<div class=\"elementor-container elementor-column-gap-no\">\n\t\t\t\t\t<div class=\"elementor-column elementor-col-100 elementor-inner-column elementor-element elementor-element-ad6f84\" data-id=\"ad6f84\" data-element_type=\"column\">\n\t\t\t<div class=\"elementor-widget-wrap elementor-element-populated\">\n\t\t\t\t\t\t<div class=\"elementor-element elementor-element-1194f78d elementor-widget elementor-widget-heading\" data-id=\"1194f78d\" data-element_type=\"widget\" data-widget_type=\"heading.default\">\n\t\t\t\t<div class=\"elementor-widget-container\">\n\t\t\t\t\t<p class=\"elementor-heading-title elementor-size-default\">f\u0131rsatlar d\u00fcnyas\u0131na ho\u015f geld\u0130n!<\/p>\t\t\t\t<\/div>\n\t\t\t\t<\/div>\n\t\t\t\t<div class=\"elementor-element elementor-element-6eb86ea6 elementor-widget elementor-widget-heading\" data-id=\"6eb86ea6\" data-element_type=\"widget\" data-widget_type=\"heading.default\">\n\t\t\t\t<div class=\"elementor-widget-container\">\n\t\t\t\t\t<h2 class=\"elementor-heading-title elementor-size-default\">ZDN TEAM EBAY<br>master class<\/h2>\t\t\t\t<\/div>\n\t\t\t\t<\/div>\n\t\t\t\t<div class=\"elementor-element elementor-element-70c10e39 elementor-widget__width-initial elementor-widget-mobile__width-initial elementor-widget elementor-widget-text-editor\" data-id=\"70c10e39\" data-element_type=\"widget\" data-widget_type=\"text-editor.default\">\n\t\t\t\t<div class=\"elementor-widget-container\">\n\t\t\t\t\t\t\t\t\t<p><strong>B\u00fct\u00fcn bir eBay&#8217;i tek bir pakette halletmeye haz\u0131r m\u0131s\u0131n?!<\/strong> Zengin i\u00e7erikler, ince detaylar, etkin sorun \u00e7\u00f6z\u00fcmleriyle hem kendi i\u015finin patronu ol, hem de kazan\u00e7 plan\u0131 olu\u015ftur! <strong>Daha Fazlas\u0131 \u0130\u00e7in E\u011fitime ula\u015f!<\/strong><\/p>\t\t\t\t\t\t\t\t<\/div>\n\t\t\t\t<\/div>\n\t\t\t\t\t<\/div>\n\t\t<\/div>\n\t\t\t\t\t<\/div>\n\t\t<\/section>\n\t\t\t\t<section class=\"elementor-section elementor-inner-section elementor-element elementor-element-421ca6a7 elementor-section-boxed elementor-section-height-default elementor-section-height-default\" data-id=\"421ca6a7\" data-element_type=\"section\">\n\t\t\t\t\t\t<div class=\"elementor-container elementor-column-gap-no\">\n\t\t\t\t\t<div class=\"elementor-column elementor-col-100 elementor-inner-column elementor-element elementor-element-32e01630\" data-id=\"32e01630\" data-element_type=\"column\">\n\t\t\t<div class=\"elementor-widget-wrap elementor-element-populated\">\n\t\t\t\t\t\t<div class=\"elementor-element elementor-element-afff677 elementor-align-center elementor-widget__width-auto elementor-widget-mobile__width-auto elementor-widget elementor-widget-button\" data-id=\"afff677\" data-element_type=\"widget\" data-widget_type=\"button.default\">\n\t\t\t\t<div class=\"elementor-widget-container\">\n\t\t\t\t\t\t\t\t\t<div class=\"elementor-button-wrapper\">\n\t\t\t\t\t<a class=\"elementor-button elementor-button-link elementor-size-sm\" href=\"#neden-biz\">\n\t\t\t\t\t\t<span class=\"elementor-button-content-wrapper\">\n\t\t\t\t\t\t\t\t\t<span class=\"elementor-button-text\">Neden Biz?<\/span>\n\t\t\t\t\t<\/span>\n\t\t\t\t\t<\/a>\n\t\t\t\t<\/div>\n\t\t\t\t\t\t\t\t<\/div>\n\t\t\t\t<\/div>\n\t\t\t\t<div class=\"elementor-element elementor-element-386a55a1 elementor-align-center elementor-widget__width-auto elementor-widget-mobile__width-auto elementor-widget elementor-widget-button\" data-id=\"386a55a1\" data-element_type=\"widget\" data-widget_type=\"button.default\">\n\t\t\t\t<div class=\"elementor-widget-container\">\n\t\t\t\t\t\t\t\t\t<div class=\"elementor-button-wrapper\">\n\t\t\t\t\t<a class=\"elementor-button elementor-button-link elementor-size-sm\" href=\"https:\/\/school.dogukannergiz.com\/en\/courses\/\" target=\"_blank\">\n\t\t\t\t\t\t<span class=\"elementor-button-content-wrapper\">\n\t\t\t\t\t\t\t\t\t<span class=\"elementor-button-text\">T\u00fcm E\u011fitimler<\/span>\n\t\t\t\t\t<\/span>\n\t\t\t\t\t<\/a>\n\t\t\t\t<\/div>\n\t\t\t\t\t\t\t\t<\/div>\n\t\t\t\t<\/div>\n\t\t\t\t\t<\/div>\n\t\t<\/div>\n\t\t\t\t\t<\/div>\n\t\t<\/section>\n\t\t\t\t\t<\/div>\n\t\t<\/div>\n\t\t\t\t\t<\/div>\n\t\t<\/section>\n\t\t\t\t<\/div>","protected":false},"excerpt":{"rendered":"<p>eBay Master Class vikinger Ana Sayfa E\u011fitimler Ma\u011faza Giri\u015f Yap! f\u0131rsatlar d\u00fcnyas\u0131na ho\u015f geld\u0130n! ZDN TEAM EBAYmaster class B\u00fct\u00fcn bir eBay&#8217;i tek bir pakette halletmeye haz\u0131r m\u0131s\u0131n?! Zengin i\u00e7erikler, ince detaylar, etkin sorun \u00e7\u00f6z\u00fcmleriyle hem kendi i\u015finin patronu ol, hem de kazan\u00e7 plan\u0131 olu\u015ftur! Daha Fazlas\u0131 \u0130\u00e7in E\u011fitime ula\u015f! Neden Biz? T\u00fcm E\u011fitimler<\/p>","protected":false},"author":3,"featured_media":0,"parent":0,"menu_order":0,"comment_status":"closed","ping_status":"closed","template":"","meta":{"_bbp_topic_count":0,"_bbp_reply_count":0,"_bbp_total_topic_count":0,"_bbp_total_reply_count":0,"_bbp_voice_count":0,"_bbp_anonymous_reply_count":0,"_bbp_topic_count_hidden":0,"_bbp_reply_count_hidden":0,"_bbp_forum_subforum_count":0,"pmpro_default_level":0,"footnotes":""},"class_list":["post-2636","page","type-page","status-publish","hentry","pmpro-has-access"],"_links":{"self":[{"href":"https:\/\/school.dogukannergiz.com\/en\/wp-json\/wp\/v2\/pages\/2636","targetHints":{"allow":["GET"]}}],"collection":[{"href":"https:\/\/school.dogukannergiz.com\/en\/wp-json\/wp\/v2\/pages"}],"about":[{"href":"https:\/\/school.dogukannergiz.com\/en\/wp-json\/wp\/v2\/types\/page"}],"author":[{"embeddable":true,"href":"https:\/\/school.dogukannergiz.com\/en\/wp-json\/wp\/v2\/users\/3"}],"replies":[{"embeddable":true,"href":"https:\/\/school.dogukannergiz.com\/en\/wp-json\/wp\/v2\/comments?post=2636"}],"version-history":[{"count":4,"href":"https:\/\/school.dogukannergiz.com\/en\/wp-json\/wp\/v2\/pages\/2636\/revisions"}],"predecessor-version":[{"id":3854,"href":"https:\/\/school.dogukannergiz.com\/en\/wp-json\/wp\/v2\/pages\/2636\/revisions\/3854"}],"wp:attachment":[{"href":"https:\/\/school.dogukannergiz.com\/en\/wp-json\/wp\/v2\/media?parent=2636"}],"curies":[{"name":"wp","href":"https:\/\/api.w.org\/{rel}","templated":true}]}}