{"id":862,"date":"2023-02-26T16:03:04","date_gmt":"2023-02-26T13:03:04","guid":{"rendered":"https:\/\/school.dogukannergiz.com\/?page_id=862"},"modified":"2023-10-30T13:53:01","modified_gmt":"2023-10-30T10:53:01","slug":"iletisim","status":"publish","type":"page","link":"https:\/\/school.dogukannergiz.com\/en\/iletisim\/","title":{"rendered":"\u0130leti\u015fim"},"content":{"rendered":"<div data-elementor-type=\"wp-page\" data-elementor-id=\"862\" class=\"elementor elementor-862\" data-elementor-post-type=\"page\">\n\t\t\t\t<div class=\"elementor-element elementor-element-3317cc69 e-flex e-con-boxed e-con e-parent\" data-id=\"3317cc69\" data-element_type=\"container\">\n\t\t\t\t\t<div class=\"e-con-inner\">\n\t\t\t\t<div class=\"elementor-element elementor-element-3d239898 elementor-widget elementor-widget-text-editor\" data-id=\"3d239898\" data-element_type=\"widget\" data-widget_type=\"text-editor.default\">\n\t\t\t\t<div class=\"elementor-widget-container\">\n\t\t\t\t\t\t\t\t\t\t\t\t\t\t\t\t\t<\/div>\n\t\t\t\t<\/div>\n\t\t\t\t\t<\/div>\n\t\t\t\t<\/div>\n\t\t<div class=\"elementor-element elementor-element-7a6b6e5 e-flex e-con-boxed e-con e-parent\" data-id=\"7a6b6e5\" data-element_type=\"container\">\n\t\t\t\t\t<div class=\"e-con-inner\">\n\t\t<div class=\"elementor-element elementor-element-d825e62 e-con-full e-flex e-con e-child\" data-id=\"d825e62\" data-element_type=\"container\">\n\t\t\t\t<div class=\"elementor-element elementor-element-9dd51af elementor-widget elementor-widget-heading\" data-id=\"9dd51af\" data-element_type=\"widget\" data-widget_type=\"heading.default\">\n\t\t\t\t<div class=\"elementor-widget-container\">\n\t\t\t\t\t<h2 class=\"elementor-heading-title elementor-size-default\">\u0130LET\u0130\u015e\u0130M<\/h2>\t\t\t\t<\/div>\n\t\t\t\t<\/div>\n\t\t<div class=\"elementor-element elementor-element-ecd8fd7 e-flex e-con-boxed e-con e-child\" data-id=\"ecd8fd7\" data-element_type=\"container\">\n\t\t\t\t\t<div class=\"e-con-inner\">\n\t\t\t\t<div class=\"elementor-element elementor-element-1b95300 elementor-widget elementor-widget-text-editor\" data-id=\"1b95300\" data-element_type=\"widget\" data-widget_type=\"text-editor.default\">\n\t\t\t\t<div class=\"elementor-widget-container\">\n\t\t\t\t\t\t\t\t\t<p>ADRES: Fenerbah\u00e7e Mah. \u0130\u011frip Sk. NO: 13 \u0130\u00e7 kap\u0131 No: 1 Kad\u0131k\u00f6y\/istanbul\u00a034726<\/p>\n<p>Destek TEL: 0501 037 35 99<\/p>\t\t\t\t\t\t\t\t<\/div>\n\t\t\t\t<\/div>\n\t\t\t\t\t<\/div>\n\t\t\t\t<\/div>\n\t\t\t\t<\/div>\n\t\t<div class=\"elementor-element elementor-element-8c6f365 e-con-full e-flex e-con e-child\" data-id=\"8c6f365\" data-element_type=\"container\">\n\t\t\t\t<div class=\"elementor-element elementor-element-874af91 elementor-widget elementor-widget-google_maps\" data-id=\"874af91\" data-element_type=\"widget\" data-widget_type=\"google_maps.default\">\n\t\t\t\t<div class=\"elementor-widget-container\">\n\t\t\t\t\t\t\t<div class=\"elementor-custom-embed\">\n\t\t\t<iframe loading=\"lazy\"\n\t\t\t\t\tsrc=\"https:\/\/maps.google.com\/maps?q=Fenerbah%C3%A7e%20Mah.%20%C4%B0%C4%9Frip%20Sk.%20NO%3A%2013%20%C4%B0%C3%A7%20kap%C4%B1%20No%3A%201%20Kad%C4%B1k%C3%B6y%2Fistanbul%C2%A034726&#038;t=m&#038;z=10&#038;output=embed&#038;iwloc=near\"\n\t\t\t\t\ttitle=\"Fenerbah\u00e7e Mah. \u0130\u011frip Sk. NO: 13 \u0130\u00e7 kap\u0131 No: 1 Kad\u0131k\u00f6y\/istanbul\u00a034726\"\n\t\t\t\t\taria-label=\"Fenerbah\u00e7e Mah. \u0130\u011frip Sk. NO: 13 \u0130\u00e7 kap\u0131 No: 1 Kad\u0131k\u00f6y\/istanbul\u00a034726\"\n\t\t\t><\/iframe>\n\t\t<\/div>\n\t\t\t\t\t\t<\/div>\n\t\t\t\t<\/div>\n\t\t\t\t<\/div>\n\t\t\t\t\t<\/div>\n\t\t\t\t<\/div>\n\t\t\t\t<\/div>","protected":false},"excerpt":{"rendered":"<p>\u0130LET\u0130\u015e\u0130M ADRES: Fenerbah\u00e7e Mah. \u0130\u011frip Sk. NO: 13 \u0130\u00e7 kap\u0131 No: 1 Kad\u0131k\u00f6y\/istanbul\u00a034726 Destek TEL: 0501 037 35 99<\/p>","protected":false},"author":1,"featured_media":0,"parent":0,"menu_order":0,"comment_status":"closed","ping_status":"closed","template":"","meta":{"_bbp_topic_count":0,"_bbp_reply_count":0,"_bbp_total_topic_count":0,"_bbp_total_reply_count":0,"_bbp_voice_count":0,"_bbp_anonymous_reply_count":0,"_bbp_topic_count_hidden":0,"_bbp_reply_count_hidden":0,"_bbp_forum_subforum_count":0,"pmpro_default_level":0,"footnotes":""},"class_list":["post-862","page","type-page","status-publish","hentry","pmpro-has-access"],"_links":{"self":[{"href":"https:\/\/school.dogukannergiz.com\/en\/wp-json\/wp\/v2\/pages\/862","targetHints":{"allow":["GET"]}}],"collection":[{"href":"https:\/\/school.dogukannergiz.com\/en\/wp-json\/wp\/v2\/pages"}],"about":[{"href":"https:\/\/school.dogukannergiz.com\/en\/wp-json\/wp\/v2\/types\/page"}],"author":[{"embeddable":true,"href":"https:\/\/school.dogukannergiz.com\/en\/wp-json\/wp\/v2\/users\/1"}],"replies":[{"embeddable":true,"href":"https:\/\/school.dogukannergiz.com\/en\/wp-json\/wp\/v2\/comments?post=862"}],"version-history":[{"count":4,"href":"https:\/\/school.dogukannergiz.com\/en\/wp-json\/wp\/v2\/pages\/862\/revisions"}],"predecessor-version":[{"id":2098,"href":"https:\/\/school.dogukannergiz.com\/en\/wp-json\/wp\/v2\/pages\/862\/revisions\/2098"}],"wp:attachment":[{"href":"https:\/\/school.dogukannergiz.com\/en\/wp-json\/wp\/v2\/media?parent=862"}],"curies":[{"name":"wp","href":"https:\/\/api.w.org\/{rel}","templated":true}]}}